{"id":450,"date":"2025-06-06T13:05:41","date_gmt":"2025-06-06T11:05:41","guid":{"rendered":"https:\/\/www.kleiderboerse-altenholz.de\/wordpress\/?page_id=450"},"modified":"2026-02-28T12:32:25","modified_gmt":"2026-02-28T11:32:25","slug":"verkaufs-und-teilnahmebedingungen","status":"publish","type":"page","link":"https:\/\/www.kleiderboerse-altenholz.de\/wordpress\/?page_id=450","title":{"rendered":"Verkaufs- und Teilnahmebedingungen"},"content":{"rendered":"\n<p>Verkaufsnummern f\u00fcr die Fr\u00fchjahrsb\u00f6rse 2026 werden nach Verf\u00fcgbarkeit \u00fcber die Basarlino App vergeben.<\/p>\n\n\n\n<p>Sollten wir keine freie Nummer mehr vergeben k\u00f6nnen, f\u00fchren wir eine<br>Warteliste f\u00fcr den Fall, dass ein\/e&nbsp; aktive\/r Verk\u00e4ufer\/in kurzfristig<br>die bereits zugeteilte Verkaufsnummer wieder&nbsp; zur\u00fcck gibt.<\/p>\n\n\n\n<p>Ware abgeben kann nur, wer im Besitz einer g\u00fcltigen Verkaufsnummer ist.<\/p>\n\n\n\n<p>Abgabetermin f\u00fcr die Verkaufsware: Freitag, vor dem B\u00f6rsentermin, in der Zeit zwischen<\/p>\n\n\n\n<p>16.00 und 18.00 Uhr.<\/p>\n\n\n\n<p>Bei der im Fr\u00fchjahr stattfindenden B\u00f6rse bitte nur Fr\u00fchlings- und Sommersachen abgeben.<\/p>\n\n\n\n<p>Bei der Herbstb\u00f6rse werden Herbst- und Wintersachen (T-Shirts zum Unterziehen sind aber erlaubt!) angenommen.<\/p>\n\n\n\n<p><strong>Die Verkaufswaren (au\u00dfer sperrigen Gegenst\u00e4nden) sollte in Umzugskartons mit Grifflaschen oder in Kunststoffkisten angeliefert werden.<\/strong><\/p>\n\n\n\n<p><strong>Die Kisten sollten mit der Verkaufsnummer gekennzeichnet sein. Bei Kunststoffkisten mit separatem Deckel bitte auch die Deckel mit der Verkaufsnummer beschriften.<\/strong><\/p>\n\n\n\n<p><strong>Folgendes kann verkauft werden:&nbsp;<\/strong><\/p>\n\n\n\n<p>\u2714 Kinderkleidung&nbsp;<strong>geb\u00fcndelt<\/strong>&nbsp;und nach Gr\u00f6\u00dfen sortiert&nbsp; (in gutem Zustand)<\/p>\n\n\n\n<p>\u2714 Schuhe (guterhalten,&nbsp;<strong>sauber<\/strong>&nbsp;und paarweise) zusammengebunden<\/p>\n\n\n\n<p>\u2714 Kinderwagen, Kindersitze, Roller, Fahrr\u00e4der, Dreir\u00e4der u. a. (bitte per E-Mail bis max. 1 Woche vor der B\u00f6rse anmelden!)<\/p>\n\n\n\n<p>\u2714 nur guterhaltene Spielsachen (auch CDs\/DVDs) und aktuelle Kinder- und Jugendb\u00fccher<\/p>\n\n\n\n<p>\u2714 Schwangerschaftsmode in allen Gr\u00f6\u00dfen.<\/p>\n\n\n\n<p>Sollten z. B. Spiele nicht mehr vollst\u00e4ndig, aber trotzdem bespielbar sein, ist dies auf dem Verkaufsschild zu vermerken (bitte auf der Verpackung\/auf der R\u00fcckseite des Verkaufsschildes deutlich sichtbar angeben, wenn etwas fehlt!)<\/p>\n\n\n\n<p>Was wir nicht f\u00fcr den Verkauf annehmen:<\/p>\n\n\n\n<p>\u2717 ungeb\u00fcndelte bzw. (gr\u00f6\u00dfen-) unsortierte Ware<\/p>\n\n\n\n<p>\u2717 mit Klebeband, Sicherheits- oder Tackernadeln ausgezeichnete Ware<\/p>\n\n\n\n<p>\u2717 verschmutzte, abgenutzte, defekte, u. \u00e4. Ware<\/p>\n\n\n\n<p>\u2717&nbsp;<strong>Kuscheltiere<\/strong><\/p>\n\n\n\n<p>\u2717 Raubkopien (von urheberrechtlich gesch\u00fctzten Medien)<\/p>\n\n\n\n<p><strong>Die Verkaufsware ist ausschlie\u00dflich wie folgt zu kennzeichnen:<\/strong><\/p>\n\n\n\n<p>\u2714 Scannercode gem\u00e4\u00df den Vorgaben auf der basarlino-App<\/p>\n\n\n\n<p>\u2714 Verwendung des mitgelieferten\/zugeteilten&nbsp;<strong>farbigen<\/strong>&nbsp;Druckerpapiers (160g\/qm) in der f\u00fcr den entsprechenden Nummernkreis zugeteilten Farbe (hierf\u00fcr wird ein Unkostenbeitrag, je nach Einkaufspreis des Papiers von ca. 1 \u20ac erhoben)<\/p>\n\n\n\n<p>\u2714 Verkaufsschild bitte mit rei\u00dffestem Band am Verkaufsartikel befestigen (z. B. am Gr\u00f6\u00dfenschild, G\u00fcrtelschlaufe, Knopfloch).<\/p>\n\n\n\n<p>\u2794 Mehrteilige Gegenst\u00e4nde (z.B. Schlafanz\u00fcge) bitte immer zusammen befestigen.<\/p>\n\n\n\n<p>\u2794 Es empfiehlt sich, Spiele u. \u00e4. mit (rei\u00dffestem) Band zuzubinden\/zusammenzubinden<\/p>\n\n\n\n<p>\u2794 Kleidung ist der Gr\u00f6\u00dfe entsprechend zu kennzeichnen (d. h. Gr. 164, 170, 176, 182, 188, nicht aber S, M, L, XL, da es hierbei zu Schwierigkeiten bei der&nbsp; Gr\u00f6\u00dfensortierung kommt)!<\/p>\n\n\n\n<p>\u2794 Preise sind ausschlie\u00dflich in 50 Cent-Schritten anzugeben (z.B. -,50; 1,-; 1,50; 2,-; 2,50; 3,- usw.),<\/p>\n\n\n\n<p>Um bei der B\u00f6rse teilnehmen zu k\u00f6nnen, m\u00fcssen die Verkaufenden pro B\u00f6rse&nbsp;<strong>mind. zwei Stunden<\/strong>&nbsp;aktiv mithelfen, um das Organisationsteam beim Auf-\/Abbau oder Verkauf zu unterst\u00fctzen.<\/p>\n\n\n\n<p>20 % des erzielten Verkaufspreises werden vom Veranstalter einbehalten (hiervon 1% f\u00fcr die BasarlinoApp)<\/p>\n\n\n\n<p>Die Teilnahmegeb\u00fchr von 1\u20ac wird zus\u00e4tzlich erhoben und an Basarlino abgef\u00fchrt.<\/p>\n\n\n\n<p>Abweichend hiervon wird den mithelfenden Verk\u00e4uferinnen und Verk\u00e4ufern, die insgesamt mind. 6 Stunden aktiv mithelfen 15% des Verkaufserl\u00f6ses der eigenen Ware als Spende einbehalten.<\/p>\n\n\n\n<p>Mit den erzielten Spenden werden der F\u00f6rderverein der Gemeinschaftsschule Altenholz, Kinder- und Jugendgruppen in Altenholz, ortsans\u00e4ssige KITAs oder Hilfsprojekte (z. B. notleidende Familien im Gemeindegebiet) unterst\u00fctzt.<\/p>\n\n\n\n<p>Ihren Verkaufserl\u00f6s (abz\u00fcglich der Spende), sowie Ihre unverkaufte Ware erhalten Sie nach der B\u00f6rse am Samstag Abend in der Schule 19-20 Uhr).<\/p>\n\n\n\n<p>Ware, die nicht mehr eindeutig zugeordnet werden kann (Verkaufsschild mit Verkaufsnummer fehlt), wird w\u00e4hrend der Warenabholzeit ausgelegt und bei Nichtabholung einbehalten und gespendet.<\/p>\n\n\n\n<p>Wird der Verkaufserl\u00f6s bzw. die unverkaufte Ware am Ausgabetag nach der B\u00f6rse nicht abgeholt, wird der Erl\u00f6s\/die \u00fcbrig gebliebene Ware gespendet!<\/p>\n\n\n\n<p>Es handelt sich ausschlie\u00dflich um Privatverk\u00e4ufe. Es wird keine Haftung und Garantie \u00fcbernommen.<\/p>\n\n\n\n<p>Auch wird keine Verantwortung f\u00fcr evtl. verloren gegangene oder gestohlene Gegenst\u00e4nde \u00fcbernommen.<\/p>\n\n\n\n<p><strong>Bitte z\u00e4hlen Sie bei Abholung Ihren Verkaufserl\u00f6s sofort am Ausgabetresen nach, sp\u00e4tere Reklamationen k\u00f6nnen nicht ber\u00fccksichtigt werden.<\/strong><\/p>\n\n\n\n<p>Alle vorherigen Teilnahmebedingungen verlieren mit dieser \u00dcberarbeitung ihre G\u00fcltigkeit. Die neuen Bedingungen gelten bis zur Aktualisierung auch f\u00fcr k\u00fcnftige B\u00f6rsen.<\/p>\n\n\n\n<p>Die pers\u00f6nlichen Daten der Verkaufenden werden bis zur R\u00fcckgabe der Verkaufsnummer ausschlie\u00dflich f\u00fcr interne Zwecke genutzt und nicht an Dritte weitergegeben. Danach werden alle pers\u00f6nlichen Daten sowie ggf. noch bestehende E-Mailkorrespondenz gel\u00f6scht.<\/p>\n\n\n\n<p>Stand: Oktober 2025<\/p>\n\n\n\n<p><\/p>\n\n\n\n<p><\/p>\n","protected":false},"excerpt":{"rendered":"<p>Verkaufsnummern f\u00fcr die Fr\u00fchjahrsb\u00f6rse 2026 werden nach Verf\u00fcgbarkeit \u00fcber die Basarlino App vergeben. Sollten wir keine freie Nummer mehr vergeben k\u00f6nnen, f\u00fchren wir eineWarteliste f\u00fcr den Fall, dass ein\/e&nbsp; aktive\/r Verk\u00e4ufer\/in kurzfristigdie bereits zugeteilte Verkaufsnummer wieder&nbsp; zur\u00fcck gibt. Ware abgeben&#8230; <a class=\"more-link\" href=\"https:\/\/www.kleiderboerse-altenholz.de\/wordpress\/?page_id=450\">Weiterlesen &rarr;<\/a><\/p>\n","protected":false},"author":1,"featured_media":0,"parent":2,"menu_order":1,"comment_status":"closed","ping_status":"closed","template":"","meta":{"footnotes":""},"class_list":["post-450","page","type-page","status-publish","hentry"],"_links":{"self":[{"href":"https:\/\/www.kleiderboerse-altenholz.de\/wordpress\/index.php?rest_route=\/wp\/v2\/pages\/450","targetHints":{"allow":["GET"]}}],"collection":[{"href":"https:\/\/www.kleiderboerse-altenholz.de\/wordpress\/index.php?rest_route=\/wp\/v2\/pages"}],"about":[{"href":"https:\/\/www.kleiderboerse-altenholz.de\/wordpress\/index.php?rest_route=\/wp\/v2\/types\/page"}],"author":[{"embeddable":true,"href":"https:\/\/www.kleiderboerse-altenholz.de\/wordpress\/index.php?rest_route=\/wp\/v2\/users\/1"}],"replies":[{"embeddable":true,"href":"https:\/\/www.kleiderboerse-altenholz.de\/wordpress\/index.php?rest_route=%2Fwp%2Fv2%2Fcomments&post=450"}],"version-history":[{"count":8,"href":"https:\/\/www.kleiderboerse-altenholz.de\/wordpress\/index.php?rest_route=\/wp\/v2\/pages\/450\/revisions"}],"predecessor-version":[{"id":491,"href":"https:\/\/www.kleiderboerse-altenholz.de\/wordpress\/index.php?rest_route=\/wp\/v2\/pages\/450\/revisions\/491"}],"up":[{"embeddable":true,"href":"https:\/\/www.kleiderboerse-altenholz.de\/wordpress\/index.php?rest_route=\/wp\/v2\/pages\/2"}],"wp:attachment":[{"href":"https:\/\/www.kleiderboerse-altenholz.de\/wordpress\/index.php?rest_route=%2Fwp%2Fv2%2Fmedia&parent=450"}],"curies":[{"name":"wp","href":"https:\/\/api.w.org\/{rel}","templated":true}]}}