{"id":188,"date":"2017-12-10T11:10:44","date_gmt":"2017-12-10T10:10:44","guid":{"rendered":"https:\/\/www.kleiderboerse-altenholz.de\/wordpress\/?page_id=188"},"modified":"2026-02-28T12:45:10","modified_gmt":"2026-02-28T11:45:10","slug":"haeufig-gestellte-fragen","status":"publish","type":"page","link":"https:\/\/www.kleiderboerse-altenholz.de\/wordpress\/?page_id=188","title":{"rendered":"H\u00e4ufig gestellte Fragen"},"content":{"rendered":"\n<p>Die Seite wird derzeit \u00fcberarbeitet und laufend erg\u00e4nzt.<\/p>\n\n\n\n<p>Wie erhalte ich eine Verkaufsnummer?<\/p>\n\n\n\n<p>\u2713 Bitte bewerbe dich \u00fcber die Basarlino App!<\/p>\n\n\n\n<p>Wie gro\u00df muss ich die Scannercodes ausdrucken?<\/p>\n\n\n\n<p>\u2713 Die Gr\u00f6\u00dfe ist vorgegeben. 16 Codes ergeben eine DIN A4 Seite. Daher empfiehlt es sich, die Verkaufsschilder\/Scannercodes immer erst auszudrucken, wenn jeweils eine durch 16 teilbare Anzahl an Artikeln angelegt wurde.<\/p>\n\n\n\n<p>Warum muss ich das mir zugeteilte Papier in einer bestimmten Farbe f\u00fcr die Scannercodes verwenden?<\/p>\n\n\n\n<p>\u2713 Aus zeitlichen Gr\u00fcnden geben wir 10 Farben a 20 zugeteilten Verkaufsnummern vor. Damit erleichtern wir die R\u00fccksortierung der nicht verkauften Ware nach der B\u00f6rse und verringern Fehlsortierungen in den Kisten der Verkaufenden.&nbsp;Wir stellen das farbige Druckerpapier rechtzeitig vor der B\u00f6rse zur Verf\u00fcgung; dieses ist doppelt so dick ist wie das &#8222;normale&#8220; Druckerpapier und rei\u00dft gelocht nicht so leicht aus. Damit der Druck gut haftet, am besten den Drucker auf dickeres Papier einstellen.<\/p>\n\n\n\n<p>Wir sind von s\/w Druckern ausgegangen, daher ist das Papier farbig.<\/p>\n\n\n\n<p>Es erleichtert die R\u00fccksortierung der Ware immens, wenn auf dem ersten Blick erkennbar ist, in welchen Nummernkreis die Ware hingeh\u00f6rt.<\/p>\n\n\n\n<p>Entsprechend werden auch die Kartons der Verk\u00e4uferinnen und Verk\u00e4ufer nach der B\u00f6rse in Reihenfolge der Nummern aufgestellt.<\/p>\n\n\n\n<p>Die Verkaufsnummern werden dementsprechend auch nur von 1-199 vergeben (z.B. 1-19 mintfarben. 20-39 sonnengelb&#8230;.etc.).Die Sortierung geht damit viel schneller.<\/p>\n\n\n\n<p>Warum muss ich das Orga-Team mit meiner Hilfe unterst\u00fctzen?<\/p>\n\n\n\n<p>\u2713 Das Orga-Team besteht aus 8 Personen. F\u00fcr die B\u00f6rse m\u00fcssen viele Tische und Kleiderst\u00e4nder quer \u00fcber den Schulhof transportiert werden, in der Schule werden Beschilderungen befestigt und die die gesamte Ware wird nach Themen und Gr\u00f6\u00dfen sortiert wie in einem Kaufhaus. Zus\u00e4tzlich wird die Qualit\u00e4t der einzelnen Produkte vor der Zusortierung gepr\u00fcft, damit die Kundschaft saubere, nicht defekte Ware vorfindet. Zerschlissene B\u00fccher, defektes Spielzeug, verschmutzte und kaputte Bekleidung wird aussortiert. Das kostet sehr viel Zeit. Da wir zwischen 130 und 180 Verkaufende haben, die derzeit bis zu 250 Artikel abgeben k\u00f6nnen, ist eine Unterst\u00fctzung notwendig.<\/p>\n\n\n\n<p>Warum kann ich nur 300 Artikel in der App hochladen?<\/p>\n\n\n\n<p>\u2713 Anstelle der Vorgaben, dass nur zwei Umzugskartons mit Ware abgegeben werden k\u00f6nnen, ist die Anzahl der Artikel begrenzt worden, unabh\u00e4ngig von der Gr\u00f6\u00dfe der Gegenst\u00e4nde.<\/p>\n\n\n\n<p>Warum soll ich Kartons und Plastikkisten und keine in T\u00fcten verpackte Ware abgeben?<\/p>\n\n\n\n<p>\u2713 F\u00fcr die R\u00fccksortierung der unverkauften Ware ist ein stabiles Beh\u00e4ltnis erforderlich. Es hilft uns auch, da wir T\u00fcten nicht stapeln k\u00f6nnen. Alle Verkaufskartons werden nach Nummern nebeneinander aufgereiht f\u00fcr die Sortierung.<\/p>\n\n\n\n<p><\/p>\n\n\n\n<p><\/p>\n\n\n\n<p><\/p>\n\n\n\n<p><\/p>\n","protected":false},"excerpt":{"rendered":"<p>Die Seite wird derzeit \u00fcberarbeitet und laufend erg\u00e4nzt. Wie erhalte ich eine Verkaufsnummer? \u2713 Bitte bewerbe dich \u00fcber die Basarlino App! Wie gro\u00df muss ich die Scannercodes ausdrucken? \u2713 Die Gr\u00f6\u00dfe ist vorgegeben. 16 Codes ergeben eine DIN A4 Seite&#8230;. <a class=\"more-link\" href=\"https:\/\/www.kleiderboerse-altenholz.de\/wordpress\/?page_id=188\">Weiterlesen &rarr;<\/a><\/p>\n","protected":false},"author":1,"featured_media":0,"parent":2,"menu_order":0,"comment_status":"closed","ping_status":"closed","template":"","meta":{"footnotes":""},"class_list":["post-188","page","type-page","status-publish","hentry"],"_links":{"self":[{"href":"https:\/\/www.kleiderboerse-altenholz.de\/wordpress\/index.php?rest_route=\/wp\/v2\/pages\/188","targetHints":{"allow":["GET"]}}],"collection":[{"href":"https:\/\/www.kleiderboerse-altenholz.de\/wordpress\/index.php?rest_route=\/wp\/v2\/pages"}],"about":[{"href":"https:\/\/www.kleiderboerse-altenholz.de\/wordpress\/index.php?rest_route=\/wp\/v2\/types\/page"}],"author":[{"embeddable":true,"href":"https:\/\/www.kleiderboerse-altenholz.de\/wordpress\/index.php?rest_route=\/wp\/v2\/users\/1"}],"replies":[{"embeddable":true,"href":"https:\/\/www.kleiderboerse-altenholz.de\/wordpress\/index.php?rest_route=%2Fwp%2Fv2%2Fcomments&post=188"}],"version-history":[{"count":22,"href":"https:\/\/www.kleiderboerse-altenholz.de\/wordpress\/index.php?rest_route=\/wp\/v2\/pages\/188\/revisions"}],"predecessor-version":[{"id":493,"href":"https:\/\/www.kleiderboerse-altenholz.de\/wordpress\/index.php?rest_route=\/wp\/v2\/pages\/188\/revisions\/493"}],"up":[{"embeddable":true,"href":"https:\/\/www.kleiderboerse-altenholz.de\/wordpress\/index.php?rest_route=\/wp\/v2\/pages\/2"}],"wp:attachment":[{"href":"https:\/\/www.kleiderboerse-altenholz.de\/wordpress\/index.php?rest_route=%2Fwp%2Fv2%2Fmedia&parent=188"}],"curies":[{"name":"wp","href":"https:\/\/api.w.org\/{rel}","templated":true}]}}